{"id":2,"date":"2016-05-10T03:48:21","date_gmt":"2016-05-10T03:48:21","guid":{"rendered":"http:\/\/zwipper.de\/?page_id=2"},"modified":"2024-05-26T08:23:00","modified_gmt":"2024-05-26T08:23:00","slug":"sample-page","status":"publish","type":"page","link":"http:\/\/zwipper.de\/","title":{"rendered":"Home"},"content":{"rendered":"\n<figure class=\"wp-block-embed is-type-video is-provider-youtube wp-block-embed-youtube wp-embed-aspect-16-9 wp-has-aspect-ratio\"><div class=\"wp-block-embed__wrapper\">\n<div class=\"fitvids-video\"><iframe loading=\"lazy\" title=\"zWipper - Mit Freude wenden\" width=\"1200\" height=\"675\" src=\"https:\/\/www.youtube.com\/embed\/LcWNT0GbOKo?feature=oembed\" frameborder=\"0\" allow=\"accelerometer; autoplay; clipboard-write; encrypted-media; gyroscope; picture-in-picture; web-share\" referrerpolicy=\"strict-origin-when-cross-origin\" allowfullscreen><\/iframe><\/div>\n<\/div><\/figure>\n\n\n\n<p>Wir sind zWipper, Erfinder, Hersteller und Anbieter von hochwertigen Spezialgrillzangen.<\/p>\n\n\n\n<p>Die zWipper Grillwendezange ist speziell f\u00fcr Fischst\u00e4bchen konzipiert. Eignet hat sich aber zus\u00e4tzlich bestens als schonender Wender f\u00fcr Cevapcici, schmalen Lenden-\/ Filetsteaks, W\u00fcrstchen und l\u00e4ngliche Gem\u00fcse aller Art.<\/p>\n\n\n\n<p>Spa\u00df an der Pfanne<\/p>\n\n\n\n<p>Don\u2019t surrender use a wender.<\/p>\n\n\n\n<ul>\n<li><strong>Schonend zu empfindlichen Brat- und Grillwaren<\/strong><\/li>\n\n\n\n<li><strong>Eleganz und Kontrolle beim Wenden<\/strong><\/li>\n\n\n\n<li><strong>Plastikfrei, aus 100% V2 Edelstahl gefertigt<\/strong> <\/li>\n\n\n\n<li><strong>Rostfrei &#8211; Sp\u00fclmaschinenfest<\/strong><br><\/li>\n<\/ul>\n\n\n\n<figure class=\"wp-block-image\"><img decoding=\"async\" loading=\"lazy\" width=\"300\" height=\"235\" src=\"http:\/\/zwipper.de\/wp-content\/uploads\/2020\/06\/25790817.gif\" alt=\"\" class=\"wp-image-9\"\/><\/figure>\n","protected":false},"excerpt":{"rendered":"<p>Wir sind zWipper, Erfinder, Hersteller und Anbieter von hochwertigen Spezialgrillzangen. Die zWipper Grillwendezange ist speziell f\u00fcr Fischst\u00e4bchen konzipiert. Eignet hat sich aber zus\u00e4tzlich bestens als &hellip; <\/p>\n","protected":false},"author":1,"featured_media":0,"parent":0,"menu_order":0,"comment_status":"closed","ping_status":"open","template":"","meta":{"footnotes":""},"_links":{"self":[{"href":"http:\/\/zwipper.de\/index.php?rest_route=\/wp\/v2\/pages\/2"}],"collection":[{"href":"http:\/\/zwipper.de\/index.php?rest_route=\/wp\/v2\/pages"}],"about":[{"href":"http:\/\/zwipper.de\/index.php?rest_route=\/wp\/v2\/types\/page"}],"author":[{"embeddable":true,"href":"http:\/\/zwipper.de\/index.php?rest_route=\/wp\/v2\/users\/1"}],"replies":[{"embeddable":true,"href":"http:\/\/zwipper.de\/index.php?rest_route=%2Fwp%2Fv2%2Fcomments&post=2"}],"version-history":[{"count":7,"href":"http:\/\/zwipper.de\/index.php?rest_route=\/wp\/v2\/pages\/2\/revisions"}],"predecessor-version":[{"id":38,"href":"http:\/\/zwipper.de\/index.php?rest_route=\/wp\/v2\/pages\/2\/revisions\/38"}],"wp:attachment":[{"href":"http:\/\/zwipper.de\/index.php?rest_route=%2Fwp%2Fv2%2Fmedia&parent=2"}],"curies":[{"name":"wp","href":"https:\/\/api.w.org\/{rel}","templated":true}]}}